{"id":222,"date":"2026-01-12T21:11:48","date_gmt":"2026-01-12T19:11:48","guid":{"rendered":"https:\/\/elitecardetailing.nl\/?page_id=222"},"modified":"2026-01-12T21:36:02","modified_gmt":"2026-01-12T19:36:02","slug":"exterieur","status":"publish","type":"page","link":"https:\/\/www.elitecardetailing.nl\/index.php\/exterieur\/","title":{"rendered":"Exterieur"},"content":{"rendered":"\t\t<div data-elementor-type=\"wp-page\" data-elementor-id=\"222\" class=\"elementor elementor-222\">\n\t\t\t\t<div class=\"elementor-element elementor-element-98eff4b e-flex e-con-boxed e-con e-parent\" data-id=\"98eff4b\" data-element_type=\"container\" data-e-type=\"container\">\n\t\t\t\t\t<div class=\"e-con-inner\">\n\t\t\t\t<div class=\"elementor-element elementor-element-edb0729 elementor-widget elementor-widget-shortcode\" data-id=\"edb0729\" data-element_type=\"widget\" data-e-type=\"widget\" data-widget_type=\"shortcode.default\">\n\t\t\t\t\t\t\t<div class=\"elementor-shortcode\"><div class=\"woocommerce columns-3 \">\r\n<ul class=\"products oceanwp-row clr grid tablet-col tablet-2-col mobile-col mobile-1-col\">\r\n<li class=\"entry has-media has-product-nav col span_1_of_3 owp-content-center owp-thumbs-layout-horizontal owp-btn-normal owp-tabs-layout-horizontal has-no-thumbnails product type-product post-103 status-publish first instock product_cat-exterieur-2 product_cat-interieur has-post-thumbnail taxable shipping-taxable purchasable product-type-variable\">\n\t<div class=\"product-inner clr\">\r\n\t<div class=\"woo-entry-image clr\">\r\n\t\t<a href=\"https:\/\/www.elitecardetailing.nl\/index.php\/product\/kiurlab-all-purpose-cleaner-5l\/\" class=\"woocommerce-LoopProduct-link\"><img fetchpriority=\"high\" decoding=\"async\" width=\"300\" height=\"300\" src=\"https:\/\/www.elitecardetailing.nl\/wp-content\/uploads\/2025\/10\/kiurlab-apc-5l-300x300.jpg\" class=\"woo-entry-image-main\" alt=\"KIURLAB ALL PURPOSE CLEANER\" itemprop=\"image\" srcset=\"https:\/\/www.elitecardetailing.nl\/wp-content\/uploads\/2025\/10\/kiurlab-apc-5l-300x300.jpg 300w, https:\/\/www.elitecardetailing.nl\/wp-content\/uploads\/2025\/10\/kiurlab-apc-5l-100x100.jpg 100w, https:\/\/www.elitecardetailing.nl\/wp-content\/uploads\/2025\/10\/kiurlab-apc-5l-600x600.jpg 600w, https:\/\/www.elitecardetailing.nl\/wp-content\/uploads\/2025\/10\/kiurlab-apc-5l-1024x1024.jpg 1024w, https:\/\/www.elitecardetailing.nl\/wp-content\/uploads\/2025\/10\/kiurlab-apc-5l-150x150.jpg 150w, https:\/\/www.elitecardetailing.nl\/wp-content\/uploads\/2025\/10\/kiurlab-apc-5l-768x768.jpg 768w, https:\/\/www.elitecardetailing.nl\/wp-content\/uploads\/2025\/10\/kiurlab-apc-5l.jpg 1200w\" sizes=\"(max-width: 300px) 100vw, 300px\" \/><\/a><a href=\"#\" id=\"product_id_103\" class=\"owp-quick-view\" data-product_id=\"103\" aria-label=\"Snel een voorbeeld van het product bekijken KIURLAB ALL PURPOSE CLEANER\"><i class=\" icon-eye\" aria-hidden=\"true\" role=\"img\"><\/i> Snelle weergave<\/a>\t<\/div><!-- .woo-entry-image -->\r\n\r\n<ul class=\"woo-entry-inner clr\"><li class=\"image-wrap\">\r\n\t<div class=\"woo-entry-image clr\">\r\n\t\t<a href=\"https:\/\/www.elitecardetailing.nl\/index.php\/product\/kiurlab-all-purpose-cleaner-5l\/\" class=\"woocommerce-LoopProduct-link\"><img fetchpriority=\"high\" decoding=\"async\" width=\"300\" height=\"300\" src=\"https:\/\/www.elitecardetailing.nl\/wp-content\/uploads\/2025\/10\/kiurlab-apc-5l-300x300.jpg\" class=\"woo-entry-image-main\" alt=\"KIURLAB ALL PURPOSE CLEANER\" itemprop=\"image\" srcset=\"https:\/\/www.elitecardetailing.nl\/wp-content\/uploads\/2025\/10\/kiurlab-apc-5l-300x300.jpg 300w, https:\/\/www.elitecardetailing.nl\/wp-content\/uploads\/2025\/10\/kiurlab-apc-5l-100x100.jpg 100w, https:\/\/www.elitecardetailing.nl\/wp-content\/uploads\/2025\/10\/kiurlab-apc-5l-600x600.jpg 600w, https:\/\/www.elitecardetailing.nl\/wp-content\/uploads\/2025\/10\/kiurlab-apc-5l-1024x1024.jpg 1024w, https:\/\/www.elitecardetailing.nl\/wp-content\/uploads\/2025\/10\/kiurlab-apc-5l-150x150.jpg 150w, https:\/\/www.elitecardetailing.nl\/wp-content\/uploads\/2025\/10\/kiurlab-apc-5l-768x768.jpg 768w, https:\/\/www.elitecardetailing.nl\/wp-content\/uploads\/2025\/10\/kiurlab-apc-5l.jpg 1200w\" sizes=\"(max-width: 300px) 100vw, 300px\" \/><\/a><a href=\"#\" id=\"product_id_103\" class=\"owp-quick-view\" data-product_id=\"103\" aria-label=\"Snel een voorbeeld van het product bekijken KIURLAB ALL PURPOSE CLEANER\"><i class=\" icon-eye\" aria-hidden=\"true\" role=\"img\"><\/i> Snelle weergave<\/a>\t<\/div><!-- .woo-entry-image -->\r\n\r\n<\/li><li class=\"category\"><a href=\"https:\/\/www.elitecardetailing.nl\/index.php\/exterieur\/\" rel=\"tag\">Exterieur<\/a>, <a href=\"https:\/\/www.elitecardetailing.nl\/index.php\/interieur\/\" rel=\"tag\">Interieur<\/a><\/li><li class=\"title\"><h2><a href=\"https:\/\/www.elitecardetailing.nl\/index.php\/product\/kiurlab-all-purpose-cleaner-5l\/\">KIURLAB ALL PURPOSE CLEANER<\/a><\/h2><\/li><li class=\"price-wrap\">\n\t<span class=\"price\"><span class=\"woocommerce-Price-amount amount\" aria-hidden=\"true\"><bdi><span class=\"woocommerce-Price-currencySymbol\">&euro;<\/span>&nbsp;7,95<\/bdi><\/span> <span aria-hidden=\"true\">-<\/span> <span class=\"woocommerce-Price-amount amount\" aria-hidden=\"true\"><bdi><span class=\"woocommerce-Price-currencySymbol\">&euro;<\/span>&nbsp;89,99<\/bdi><\/span><span class=\"screen-reader-text\">Prijsklasse: &euro;&nbsp;7,95 tot &euro;&nbsp;89,99<\/span><\/span>\n<\/li><li class=\"rating\"><\/li><li class=\"btn-wrap clr\"><a href=\"https:\/\/www.elitecardetailing.nl\/index.php\/product\/kiurlab-all-purpose-cleaner-5l\/\" aria-describedby=\"woocommerce_loop_add_to_cart_link_describedby_103\" data-quantity=\"1\" class=\"button product_type_variable add_to_cart_button\" data-product_id=\"103\" data-product_sku=\"\" aria-label=\"Selecteer opties voor &ldquo;KIURLAB ALL PURPOSE CLEANER&rdquo;\" rel=\"nofollow\">Opties selecteren<\/a>\t<span id=\"woocommerce_loop_add_to_cart_link_describedby_103\" class=\"screen-reader-text\">\n\t\tDit product heeft meerdere variaties. Deze optie kan gekozen worden op de productpagina\t<\/span>\n<\/li><\/ul><\/div><!-- .product-inner .clr --><\/li>\n<li class=\"entry has-media has-product-nav col span_1_of_3 owp-content-center owp-thumbs-layout-horizontal owp-btn-normal owp-tabs-layout-horizontal has-no-thumbnails product type-product post-131 status-publish instock product_cat-exterieur-2 has-post-thumbnail taxable shipping-taxable purchasable product-type-variable\">\n\t<div class=\"product-inner clr\">\r\n\t<div class=\"woo-entry-image clr\">\r\n\t\t<a href=\"https:\/\/www.elitecardetailing.nl\/index.php\/product\/neutral-car-shampoo-bubble-fruit\/\" class=\"woocommerce-LoopProduct-link\"><img decoding=\"async\" width=\"300\" height=\"300\" src=\"https:\/\/www.elitecardetailing.nl\/wp-content\/uploads\/2025\/10\/Kiurlab-Neutral-Car-Shampoo-BUBBLE-FRUIT-500-300x300.png\" class=\"woo-entry-image-main\" alt=\"Neutral Car Shampoo BUBBLE FRUIT\" itemprop=\"image\" srcset=\"https:\/\/www.elitecardetailing.nl\/wp-content\/uploads\/2025\/10\/Kiurlab-Neutral-Car-Shampoo-BUBBLE-FRUIT-500-300x300.png 300w, https:\/\/www.elitecardetailing.nl\/wp-content\/uploads\/2025\/10\/Kiurlab-Neutral-Car-Shampoo-BUBBLE-FRUIT-500-100x100.png 100w, https:\/\/www.elitecardetailing.nl\/wp-content\/uploads\/2025\/10\/Kiurlab-Neutral-Car-Shampoo-BUBBLE-FRUIT-500-600x600.png 600w, https:\/\/www.elitecardetailing.nl\/wp-content\/uploads\/2025\/10\/Kiurlab-Neutral-Car-Shampoo-BUBBLE-FRUIT-500-150x150.png 150w, https:\/\/www.elitecardetailing.nl\/wp-content\/uploads\/2025\/10\/Kiurlab-Neutral-Car-Shampoo-BUBBLE-FRUIT-500-768x768.png 768w, https:\/\/www.elitecardetailing.nl\/wp-content\/uploads\/2025\/10\/Kiurlab-Neutral-Car-Shampoo-BUBBLE-FRUIT-500.png 1000w\" sizes=\"(max-width: 300px) 100vw, 300px\" \/><\/a><a href=\"#\" id=\"product_id_131\" class=\"owp-quick-view\" data-product_id=\"131\" aria-label=\"Snel een voorbeeld van het product bekijken Neutral Car Shampoo BUBBLE FRUIT\"><i class=\" icon-eye\" aria-hidden=\"true\" role=\"img\"><\/i> Snelle weergave<\/a>\t<\/div><!-- .woo-entry-image -->\r\n\r\n<ul class=\"woo-entry-inner clr\"><li class=\"image-wrap\">\r\n\t<div class=\"woo-entry-image clr\">\r\n\t\t<a href=\"https:\/\/www.elitecardetailing.nl\/index.php\/product\/neutral-car-shampoo-bubble-fruit\/\" class=\"woocommerce-LoopProduct-link\"><img decoding=\"async\" width=\"300\" height=\"300\" src=\"https:\/\/www.elitecardetailing.nl\/wp-content\/uploads\/2025\/10\/Kiurlab-Neutral-Car-Shampoo-BUBBLE-FRUIT-500-300x300.png\" class=\"woo-entry-image-main\" alt=\"Neutral Car Shampoo BUBBLE FRUIT\" itemprop=\"image\" srcset=\"https:\/\/www.elitecardetailing.nl\/wp-content\/uploads\/2025\/10\/Kiurlab-Neutral-Car-Shampoo-BUBBLE-FRUIT-500-300x300.png 300w, https:\/\/www.elitecardetailing.nl\/wp-content\/uploads\/2025\/10\/Kiurlab-Neutral-Car-Shampoo-BUBBLE-FRUIT-500-100x100.png 100w, https:\/\/www.elitecardetailing.nl\/wp-content\/uploads\/2025\/10\/Kiurlab-Neutral-Car-Shampoo-BUBBLE-FRUIT-500-600x600.png 600w, https:\/\/www.elitecardetailing.nl\/wp-content\/uploads\/2025\/10\/Kiurlab-Neutral-Car-Shampoo-BUBBLE-FRUIT-500-150x150.png 150w, https:\/\/www.elitecardetailing.nl\/wp-content\/uploads\/2025\/10\/Kiurlab-Neutral-Car-Shampoo-BUBBLE-FRUIT-500-768x768.png 768w, https:\/\/www.elitecardetailing.nl\/wp-content\/uploads\/2025\/10\/Kiurlab-Neutral-Car-Shampoo-BUBBLE-FRUIT-500.png 1000w\" sizes=\"(max-width: 300px) 100vw, 300px\" \/><\/a><a href=\"#\" id=\"product_id_131\" class=\"owp-quick-view\" data-product_id=\"131\" aria-label=\"Snel een voorbeeld van het product bekijken Neutral Car Shampoo BUBBLE FRUIT\"><i class=\" icon-eye\" aria-hidden=\"true\" role=\"img\"><\/i> Snelle weergave<\/a>\t<\/div><!-- .woo-entry-image -->\r\n\r\n<\/li><li class=\"category\"><a href=\"https:\/\/www.elitecardetailing.nl\/index.php\/exterieur\/\" rel=\"tag\">Exterieur<\/a><\/li><li class=\"title\"><h2><a href=\"https:\/\/www.elitecardetailing.nl\/index.php\/product\/neutral-car-shampoo-bubble-fruit\/\">Neutral Car Shampoo BUBBLE FRUIT<\/a><\/h2><\/li><li class=\"price-wrap\">\n\t<span class=\"price\"><span class=\"woocommerce-Price-amount amount\" aria-hidden=\"true\"><bdi><span class=\"woocommerce-Price-currencySymbol\">&euro;<\/span>&nbsp;8,95<\/bdi><\/span> <span aria-hidden=\"true\">-<\/span> <span class=\"woocommerce-Price-amount amount\" aria-hidden=\"true\"><bdi><span class=\"woocommerce-Price-currencySymbol\">&euro;<\/span>&nbsp;119,45<\/bdi><\/span><span class=\"screen-reader-text\">Prijsklasse: &euro;&nbsp;8,95 tot &euro;&nbsp;119,45<\/span><\/span>\n<\/li><li class=\"rating\"><\/li><li class=\"btn-wrap clr\"><a href=\"https:\/\/www.elitecardetailing.nl\/index.php\/product\/neutral-car-shampoo-bubble-fruit\/\" aria-describedby=\"woocommerce_loop_add_to_cart_link_describedby_131\" data-quantity=\"1\" class=\"button product_type_variable add_to_cart_button\" data-product_id=\"131\" data-product_sku=\"\" aria-label=\"Selecteer opties voor &ldquo;Neutral Car Shampoo BUBBLE FRUIT&rdquo;\" rel=\"nofollow\">Opties selecteren<\/a>\t<span id=\"woocommerce_loop_add_to_cart_link_describedby_131\" class=\"screen-reader-text\">\n\t\tDit product heeft meerdere variaties. Deze optie kan gekozen worden op de productpagina\t<\/span>\n<\/li><\/ul><\/div><!-- .product-inner .clr --><\/li>\n<\/ul>\n<\/div>\n<\/div>\n\t\t\t\t\t\t<\/div>\n\t\t\t\t<div class=\"elementor-element elementor-element-b0e6736 elementor-widget elementor-widget-shortcode\" data-id=\"b0e6736\" data-element_type=\"widget\" data-e-type=\"widget\" data-widget_type=\"shortcode.default\">\n\t\t\t\t\t\t\t<div class=\"elementor-shortcode\"><div class=\"woocommerce columns-4 \"><\/div>\n<\/div>\n\t\t\t\t\t\t<\/div>\n\t\t\t\t\t<\/div>\n\t\t\t\t<\/div>\n\t\t<div class=\"elementor-element elementor-element-68f5c98 e-flex e-con-boxed e-con e-parent\" data-id=\"68f5c98\" data-element_type=\"container\" data-e-type=\"container\">\n\t\t\t\t\t<div class=\"e-con-inner\">\n\t\t\t\t<div class=\"elementor-element elementor-element-9c1a8e2 elementor-widget elementor-widget-text-editor\" data-id=\"9c1a8e2\" data-element_type=\"widget\" data-e-type=\"widget\" data-widget_type=\"text-editor.default\">\n\t\t\t\t\t\t\t\t\t<h1 data-start=\"0\" data-end=\"9\"><strong>Exterieur<\/strong><\/h1>\n<p data-start=\"11\" data-end=\"344\">Je ziet het meteen aan een auto: de lak vertelt het verhaal. Vuil, doffe plekken, vliegjes op de bumper, remstof op de velgen\u2026 zelfs als je interieur strak is, kan de buitenkant je hele auto \u201couder\u201d laten lijken. Op deze pagina vind je alles om het exterieur weer echt netjes te krijgen, van snelle wasbeurt tot complete detailbeurt.<\/p>\n<p data-start=\"346\" data-end=\"498\">Onze exterieurproducten zijn geselecteerd voor mensen die thuis een goed resultaat willen, zonder geklooi en zonder schade aan lak of coating. Denk aan:<\/p>\n<p data-start=\"500\" data-end=\"943\">Autoshampoo die het vuil losweekt en je lak veilig houdt<br data-start=\"556\" data-end=\"559\" \/>Snow foam voor een goede voorwas zodat je minder kans hebt op waskrassen<br data-start=\"631\" data-end=\"634\" \/>Washandschoenen en microvezeldoeken die vuil opnemen in plaats van rondschuiven<br data-start=\"713\" data-end=\"716\" \/>Velgenreinigers en borstels voor hardnekkige remstof en de lastige hoekjes<br data-start=\"790\" data-end=\"793\" \/>Droogdoeken die streeploos drogen en watervlekken helpen voorkomen<br data-start=\"859\" data-end=\"862\" \/>Detail sprays en quick sealants voor extra glans en een glad gevoel na het wassen<\/p>\n<p data-start=\"945\" data-end=\"1145\">Of je nu je auto wekelijks bijhoudt of \u00e9\u00e9n keer per maand grondig aanpakt: met de juiste middelen werk je sneller, veiliger en krijg je die diepe glans waar je normaal voor naar een detailer zou gaan.<\/p>\n<p data-start=\"1147\" data-end=\"1471\">Tip<br data-start=\"1150\" data-end=\"1153\" \/>Werk altijd in de schaduw en op een koele lak. Begin met een voorwas, spoel daarna goed af en was pas dan met een schone washandschoen. Gebruik bij voorkeur de two bucket methode: \u00e9\u00e9n emmer met shampoo en \u00e9\u00e9n emmer om je handschoen uit te spoelen. Dat is de ouderwetse manier, maar wel de manier die je lak heel houdt.<\/p>\n<p>\u00a0<\/p>\n<p data-start=\"1473\" data-end=\"1665\" data-is-last-node=\"\" data-is-only-node=\"\">Zoek je iets specifieks<br data-start=\"1496\" data-end=\"1499\" \/>Wil je je auto wassen, velgen reinigen, insecten verwijderen of je lak beschermen? Kijk dan bij de producten hieronder en kies wat past bij jouw auto en jouw routine.<\/p>\t\t\t\t\t\t\t\t<\/div>\n\t\t\t\t\t<\/div>\n\t\t\t\t<\/div>\n\t\t\t\t<\/div>\n\t\t","protected":false},"excerpt":{"rendered":"<p>Exterieur Je ziet het meteen aan een auto: de lak vertelt het verhaal. Vuil, doffe plekken, vliegjes op de bumper, remstof op de velgen\u2026 zelfs als je interieur strak is, kan de buitenkant je hele auto \u201couder\u201d laten lijken. Op deze pagina vind je alles om het exterieur weer echt netjes te krijgen, van snelle [&hellip;]<\/p>\n","protected":false},"author":1,"featured_media":0,"parent":0,"menu_order":0,"comment_status":"closed","ping_status":"closed","template":"","meta":{"footnotes":""},"class_list":["post-222","page","type-page","status-publish","hentry","entry","owp-thumbs-layout-horizontal","owp-btn-normal","owp-tabs-layout-horizontal","has-no-thumbnails","has-product-nav"],"yoast_head":"<!-- This site is optimized with the Yoast SEO plugin v27.4 - https:\/\/yoast.com\/product\/yoast-seo-wordpress\/ -->\n<title>Exterieur - Elitecardetailing<\/title>\n<meta name=\"robots\" content=\"index, follow, max-snippet:-1, max-image-preview:large, max-video-preview:-1\" \/>\n<link rel=\"canonical\" href=\"https:\/\/www.elitecardetailing.nl\/index.php\/exterieur\/\" \/>\n<meta property=\"og:locale\" content=\"nl_NL\" \/>\n<meta property=\"og:type\" content=\"article\" \/>\n<meta property=\"og:title\" content=\"Exterieur - Elitecardetailing\" \/>\n<meta property=\"og:description\" content=\"Exterieur Je ziet het meteen aan een auto: de lak vertelt het verhaal. Vuil, doffe plekken, vliegjes op de bumper, remstof op de velgen\u2026 zelfs als je interieur strak is, kan de buitenkant je hele auto \u201couder\u201d laten lijken. Op deze pagina vind je alles om het exterieur weer echt netjes te krijgen, van snelle [&hellip;]\" \/>\n<meta property=\"og:url\" content=\"https:\/\/www.elitecardetailing.nl\/index.php\/exterieur\/\" \/>\n<meta property=\"og:site_name\" content=\"Elitecardetailing\" \/>\n<meta property=\"article:modified_time\" content=\"2026-01-12T19:36:02+00:00\" \/>\n<meta name=\"twitter:card\" content=\"summary_large_image\" \/>\n<script type=\"application\/ld+json\" class=\"yoast-schema-graph\">{\"@context\":\"https:\\\/\\\/schema.org\",\"@graph\":[{\"@type\":\"WebPage\",\"@id\":\"https:\\\/\\\/www.elitecardetailing.nl\\\/index.php\\\/exterieur\\\/\",\"url\":\"https:\\\/\\\/www.elitecardetailing.nl\\\/index.php\\\/exterieur\\\/\",\"name\":\"Exterieur - Elitecardetailing\",\"isPartOf\":{\"@id\":\"https:\\\/\\\/www.elitecardetailing.nl\\\/#website\"},\"datePublished\":\"2026-01-12T19:11:48+00:00\",\"dateModified\":\"2026-01-12T19:36:02+00:00\",\"breadcrumb\":{\"@id\":\"https:\\\/\\\/www.elitecardetailing.nl\\\/index.php\\\/exterieur\\\/#breadcrumb\"},\"inLanguage\":\"nl-NL\",\"potentialAction\":[{\"@type\":\"ReadAction\",\"target\":[\"https:\\\/\\\/www.elitecardetailing.nl\\\/index.php\\\/exterieur\\\/\"]}]},{\"@type\":\"BreadcrumbList\",\"@id\":\"https:\\\/\\\/www.elitecardetailing.nl\\\/index.php\\\/exterieur\\\/#breadcrumb\",\"itemListElement\":[{\"@type\":\"ListItem\",\"position\":1,\"name\":\"Home\",\"item\":\"https:\\\/\\\/www.elitecardetailing.nl\\\/\"},{\"@type\":\"ListItem\",\"position\":2,\"name\":\"Exterieur\"}]},{\"@type\":\"WebSite\",\"@id\":\"https:\\\/\\\/www.elitecardetailing.nl\\\/#website\",\"url\":\"https:\\\/\\\/www.elitecardetailing.nl\\\/\",\"name\":\"Elitecardetailing\",\"description\":\"Wij maken uw auto brand schoon!\",\"publisher\":{\"@id\":\"https:\\\/\\\/www.elitecardetailing.nl\\\/#organization\"},\"potentialAction\":[{\"@type\":\"SearchAction\",\"target\":{\"@type\":\"EntryPoint\",\"urlTemplate\":\"https:\\\/\\\/www.elitecardetailing.nl\\\/?s={search_term_string}\"},\"query-input\":{\"@type\":\"PropertyValueSpecification\",\"valueRequired\":true,\"valueName\":\"search_term_string\"}}],\"inLanguage\":\"nl-NL\"},{\"@type\":\"Organization\",\"@id\":\"https:\\\/\\\/www.elitecardetailing.nl\\\/#organization\",\"name\":\"Elitecardetailing\",\"url\":\"https:\\\/\\\/www.elitecardetailing.nl\\\/\",\"logo\":{\"@type\":\"ImageObject\",\"inLanguage\":\"nl-NL\",\"@id\":\"https:\\\/\\\/www.elitecardetailing.nl\\\/#\\\/schema\\\/logo\\\/image\\\/\",\"url\":\"https:\\\/\\\/www.elitecardetailing.nl\\\/wp-content\\\/uploads\\\/2025\\\/11\\\/ChatGPT-Image-19-nov-2025-12_28_36.png\",\"contentUrl\":\"https:\\\/\\\/www.elitecardetailing.nl\\\/wp-content\\\/uploads\\\/2025\\\/11\\\/ChatGPT-Image-19-nov-2025-12_28_36.png\",\"width\":1024,\"height\":1024,\"caption\":\"Elitecardetailing\"},\"image\":{\"@id\":\"https:\\\/\\\/www.elitecardetailing.nl\\\/#\\\/schema\\\/logo\\\/image\\\/\"}}]}<\/script>\n<!-- \/ Yoast SEO plugin. -->","yoast_head_json":{"title":"Exterieur - Elitecardetailing","robots":{"index":"index","follow":"follow","max-snippet":"max-snippet:-1","max-image-preview":"max-image-preview:large","max-video-preview":"max-video-preview:-1"},"canonical":"https:\/\/www.elitecardetailing.nl\/index.php\/exterieur\/","og_locale":"nl_NL","og_type":"article","og_title":"Exterieur - Elitecardetailing","og_description":"Exterieur Je ziet het meteen aan een auto: de lak vertelt het verhaal. Vuil, doffe plekken, vliegjes op de bumper, remstof op de velgen\u2026 zelfs als je interieur strak is, kan de buitenkant je hele auto \u201couder\u201d laten lijken. Op deze pagina vind je alles om het exterieur weer echt netjes te krijgen, van snelle [&hellip;]","og_url":"https:\/\/www.elitecardetailing.nl\/index.php\/exterieur\/","og_site_name":"Elitecardetailing","article_modified_time":"2026-01-12T19:36:02+00:00","twitter_card":"summary_large_image","schema":{"@context":"https:\/\/schema.org","@graph":[{"@type":"WebPage","@id":"https:\/\/www.elitecardetailing.nl\/index.php\/exterieur\/","url":"https:\/\/www.elitecardetailing.nl\/index.php\/exterieur\/","name":"Exterieur - Elitecardetailing","isPartOf":{"@id":"https:\/\/www.elitecardetailing.nl\/#website"},"datePublished":"2026-01-12T19:11:48+00:00","dateModified":"2026-01-12T19:36:02+00:00","breadcrumb":{"@id":"https:\/\/www.elitecardetailing.nl\/index.php\/exterieur\/#breadcrumb"},"inLanguage":"nl-NL","potentialAction":[{"@type":"ReadAction","target":["https:\/\/www.elitecardetailing.nl\/index.php\/exterieur\/"]}]},{"@type":"BreadcrumbList","@id":"https:\/\/www.elitecardetailing.nl\/index.php\/exterieur\/#breadcrumb","itemListElement":[{"@type":"ListItem","position":1,"name":"Home","item":"https:\/\/www.elitecardetailing.nl\/"},{"@type":"ListItem","position":2,"name":"Exterieur"}]},{"@type":"WebSite","@id":"https:\/\/www.elitecardetailing.nl\/#website","url":"https:\/\/www.elitecardetailing.nl\/","name":"Elitecardetailing","description":"Wij maken uw auto brand schoon!","publisher":{"@id":"https:\/\/www.elitecardetailing.nl\/#organization"},"potentialAction":[{"@type":"SearchAction","target":{"@type":"EntryPoint","urlTemplate":"https:\/\/www.elitecardetailing.nl\/?s={search_term_string}"},"query-input":{"@type":"PropertyValueSpecification","valueRequired":true,"valueName":"search_term_string"}}],"inLanguage":"nl-NL"},{"@type":"Organization","@id":"https:\/\/www.elitecardetailing.nl\/#organization","name":"Elitecardetailing","url":"https:\/\/www.elitecardetailing.nl\/","logo":{"@type":"ImageObject","inLanguage":"nl-NL","@id":"https:\/\/www.elitecardetailing.nl\/#\/schema\/logo\/image\/","url":"https:\/\/www.elitecardetailing.nl\/wp-content\/uploads\/2025\/11\/ChatGPT-Image-19-nov-2025-12_28_36.png","contentUrl":"https:\/\/www.elitecardetailing.nl\/wp-content\/uploads\/2025\/11\/ChatGPT-Image-19-nov-2025-12_28_36.png","width":1024,"height":1024,"caption":"Elitecardetailing"},"image":{"@id":"https:\/\/www.elitecardetailing.nl\/#\/schema\/logo\/image\/"}}]}},"_links":{"self":[{"href":"https:\/\/www.elitecardetailing.nl\/index.php\/wp-json\/wp\/v2\/pages\/222","targetHints":{"allow":["GET"]}}],"collection":[{"href":"https:\/\/www.elitecardetailing.nl\/index.php\/wp-json\/wp\/v2\/pages"}],"about":[{"href":"https:\/\/www.elitecardetailing.nl\/index.php\/wp-json\/wp\/v2\/types\/page"}],"author":[{"embeddable":true,"href":"https:\/\/www.elitecardetailing.nl\/index.php\/wp-json\/wp\/v2\/users\/1"}],"replies":[{"embeddable":true,"href":"https:\/\/www.elitecardetailing.nl\/index.php\/wp-json\/wp\/v2\/comments?post=222"}],"version-history":[{"count":12,"href":"https:\/\/www.elitecardetailing.nl\/index.php\/wp-json\/wp\/v2\/pages\/222\/revisions"}],"predecessor-version":[{"id":247,"href":"https:\/\/www.elitecardetailing.nl\/index.php\/wp-json\/wp\/v2\/pages\/222\/revisions\/247"}],"wp:attachment":[{"href":"https:\/\/www.elitecardetailing.nl\/index.php\/wp-json\/wp\/v2\/media?parent=222"}],"curies":[{"name":"wp","href":"https:\/\/api.w.org\/{rel}","templated":true}]}}